{"id":136,"date":"2024-12-18T12:24:54","date_gmt":"2024-12-18T11:24:54","guid":{"rendered":"https:\/\/glassur.fr\/?page_id=136"},"modified":"2024-12-18T12:24:54","modified_gmt":"2024-12-18T11:24:54","slug":"conditions-generales-dutilisation","status":"publish","type":"page","link":"https:\/\/glassur.fr\/?page_id=136","title":{"rendered":"Conditions G\u00e9n\u00e9rales d&rsquo;Utilisation"},"content":{"rendered":"\n<p>La consultation du site&nbsp;<a href=\"http:\/\/www.glassur.fr\/\" target=\"_blank\" rel=\"noreferrer noopener\">www.glassur.fr<\/a>&nbsp;implique l&rsquo;acceptation sans r\u00e9serve des pr\u00e9sentes conditions d&rsquo;utilisation.<\/p>\n\n\n\n<h2 class=\"wp-block-heading\">1. Informations L\u00e9gales<\/h2>\n\n\n\n<p>Le site&nbsp;<a href=\"http:\/\/www.glassur.fr\/\" target=\"_blank\" rel=\"noreferrer noopener\">www.glassur.fr<\/a>&nbsp;est \u00e9dit\u00e9 par la soci\u00e9t\u00e9 GLA , cabinet de courtage en assurances :<\/p>\n\n\n\n<p>\u2022&nbsp;&nbsp;&nbsp;&nbsp;&nbsp;&nbsp;&nbsp;&nbsp;&nbsp;&nbsp;&nbsp;&nbsp; RCS : 898438171<\/p>\n\n\n\n<p>\u2022&nbsp;&nbsp;&nbsp;&nbsp;&nbsp;&nbsp;&nbsp;&nbsp;&nbsp;&nbsp;&nbsp;&nbsp; N\u00b0 ORIAS : 24000957<\/p>\n\n\n\n<p>\u2022&nbsp;&nbsp;&nbsp;&nbsp;&nbsp;&nbsp;&nbsp;&nbsp;&nbsp;&nbsp;&nbsp;&nbsp; Adresse : 85 RUE DU LAVOIR, 93370 MONTFERMEIL<\/p>\n\n\n\n<p>\u2022&nbsp;&nbsp;&nbsp;&nbsp;&nbsp;&nbsp;&nbsp;&nbsp;&nbsp;&nbsp;&nbsp;&nbsp; T\u00e9l\u00e9phone : 01 89 70 14 45<\/p>\n\n\n\n<p>\u2022&nbsp;&nbsp;&nbsp;&nbsp;&nbsp;&nbsp;&nbsp;&nbsp;&nbsp;&nbsp;&nbsp;&nbsp; Email :&nbsp;<a href=\"mailto:contact@glassur.fr\" target=\"_blank\" rel=\"noreferrer noopener\">contact@glassur.fr<\/a><\/p>\n\n\n\n<h2 class=\"wp-block-heading\">2. Courtage d&rsquo;Assurance<\/h2>\n\n\n\n<p>GLA est un cabinet de courtage en assurance mettant en relation des demandeurs et des compagnies d&rsquo;assurance. Conform\u00e9ment \u00e0 l&rsquo;article L. 511-1 du Code des assurances, nous aidons \u00e0 la conclusion de contrats d&rsquo;assurance ou de r\u00e9assurance en proposant des offres adapt\u00e9es. GLA &nbsp;fournit des conseils impartiaux bas\u00e9s sur une analyse objective du march\u00e9, permettant aux utilisateurs de souscrire aux solutions les plus appropri\u00e9es. Le cabinet dispose d&rsquo;une assurance de responsabilit\u00e9 civile professionnelle aupr\u00e8s de SIMPLIFIEUR et est enregistr\u00e9 \u00e0 l&rsquo;ORIAS sous le num\u00e9ro 24000957. GLA &nbsp;est \u00e9galement soumise au contr\u00f4le de l&rsquo;ACPR (Autorit\u00e9 de Contr\u00f4le Prudentielle et de R\u00e9solution).<\/p>\n\n\n\n<h2 class=\"wp-block-heading\">3. R\u00e9clamation et M\u00e9diation<\/h2>\n\n\n\n<p>En cas de r\u00e9clamation concernant la souscription, la gestion ou la distribution de votre contrat, vous pouvez nous contacter \u00e0&nbsp;<a href=\"mailto:reclamation@glassur.fr\" target=\"_blank\" rel=\"noreferrer noopener\">reclamation@glassur.fr<\/a>&nbsp;ou \u00e0 l&rsquo;adresse suivante :<\/p>\n\n\n\n<p>\u2022&nbsp;&nbsp;&nbsp;&nbsp;&nbsp;&nbsp;&nbsp;&nbsp;&nbsp;&nbsp;&nbsp;&nbsp; GLA \u2013 Service R\u00e9clamations<\/p>\n\n\n\n<p>\u2022&nbsp;&nbsp;&nbsp;&nbsp;&nbsp;&nbsp;&nbsp;&nbsp;&nbsp;&nbsp;&nbsp;&nbsp; 85 RUE DU LAVOIR, 93370 MONTFERMEIL<\/p>\n\n\n\n<p>Nous accusons r\u00e9ception de votre r\u00e9clamation sous 48 heures et nous nous engageons \u00e0 vous r\u00e9pondre dans un d\u00e9lai maximal d&rsquo;un mois. Si un d\u00e9saccord persiste, vous pouvez saisir la M\u00e9diation de l&rsquo;Assurance \u00e0 l&rsquo;adresse suivante :<\/p>\n\n\n\n<p>\u2022&nbsp;&nbsp;&nbsp;&nbsp;&nbsp;&nbsp;&nbsp;&nbsp;&nbsp;&nbsp;&nbsp;&nbsp; La M\u00e9diation de l&rsquo;Assurance, TSA 50110 \u2013 75441 Paris Cedex 09<\/p>\n\n\n\n<p>Vous avez \u00e9galement la possibilit\u00e9 de contacter l&rsquo;ACPR pour toute r\u00e9clamation.<\/p>\n\n\n\n<h2 class=\"wp-block-heading\">4. Contenu du Site<\/h2>\n\n\n\n<h3 class=\"wp-block-heading\">4.1. Devis<\/h3>\n\n\n\n<p>Les tarifs pr\u00e9sent\u00e9s sur le site sont indicatifs et ne constituent pas une offre contractuelle. Ils sont d\u00e9termin\u00e9s \u00e0 la suite d&rsquo;une \u00e9tude personnalis\u00e9e. Les devis d&rsquo;assurance sont r\u00e9serv\u00e9s aux particuliers r\u00e9sidant fiscalement en France. Les demandes automatis\u00e9es ou \u00e0 usage professionnel sont interdites.<\/p>\n\n\n\n<h3 class=\"wp-block-heading\">4.2. Informations et Contenus R\u00e9dactionnels<\/h3>\n\n\n\n<p>Les informations fournies sur&nbsp;<a href=\"http:\/\/www.glassur.fr\/\" target=\"_blank\" rel=\"noreferrer noopener\">www.glassur.fr<\/a>&nbsp;sont \u00e0 titre informatif et ne remplacent pas les conseils d&rsquo;un professionnel. L&rsquo;utilisateur est responsable de l&rsquo;utilisation qu&rsquo;il fait des informations et des services propos\u00e9s. GLA &nbsp;ne garantit pas l&rsquo;exhaustivit\u00e9, l&rsquo;actualisation, ou l&rsquo;exactitude des informations publi\u00e9es.<\/p>\n\n\n\n<h3 class=\"wp-block-heading\">4.3. Cr\u00e9dits Photos<\/h3>\n\n\n\n<p>Les photos utilis\u00e9es proviennent de&nbsp;<a href=\"https:\/\/fr.depositphotos.com\/\" target=\"_blank\" rel=\"noreferrer noopener\">https:\/\/fr.depositphotos.com\/<\/a>.<\/p>\n\n\n\n<h2 class=\"wp-block-heading\">5. Respect de la Vie Priv\u00e9e<\/h2>\n\n\n\n<h3 class=\"wp-block-heading\">5.1. Utilisation des Cookies<\/h3>\n\n\n\n<p>Le site utilise des cookies pour am\u00e9liorer l&rsquo;exp\u00e9rience utilisateur. Ils permettent de stocker vos pr\u00e9f\u00e9rences de navigation sans vous identifier. Vous avez la possibilit\u00e9 de d\u00e9sactiver les cookies via votre navigateur, mais cela peut affecter la qualit\u00e9 de votre exp\u00e9rience sur le site.<\/p>\n","protected":false},"excerpt":{"rendered":"<p>La consultation du site&nbsp;www.glassur.fr&nbsp;implique l&rsquo;acceptation sans r\u00e9serve des pr\u00e9sentes conditions d&rsquo;utilisation. 1. Informations L\u00e9gales Le site&nbsp;www.glassur.fr&nbsp;est \u00e9dit\u00e9 par la soci\u00e9t\u00e9 GLA , cabinet de courtage en assurances : \u2022&nbsp;&nbsp;&nbsp;&nbsp;&nbsp;&nbsp;&nbsp;&nbsp;&nbsp;&nbsp;&nbsp;&nbsp; RCS : 898438171 \u2022&nbsp;&nbsp;&nbsp;&nbsp;&nbsp;&nbsp;&nbsp;&nbsp;&nbsp;&nbsp;&nbsp;&nbsp; N\u00b0 ORIAS : 24000957 \u2022&nbsp;&nbsp;&nbsp;&nbsp;&nbsp;&nbsp;&nbsp;&nbsp;&nbsp;&nbsp;&nbsp;&nbsp; Adresse : 85 RUE DU LAVOIR, 93370 MONTFERMEIL \u2022&nbsp;&nbsp;&nbsp;&nbsp;&nbsp;&nbsp;&nbsp;&nbsp;&nbsp;&nbsp;&nbsp;&nbsp; T\u00e9l\u00e9phone : 01 89 70 14 45 \u2022&nbsp;&nbsp;&nbsp;&nbsp;&nbsp;&nbsp;&nbsp;&nbsp;&nbsp;&nbsp;&nbsp;&nbsp; [&hellip;]<\/p>\n","protected":false},"author":1,"featured_media":0,"parent":0,"menu_order":0,"comment_status":"closed","ping_status":"closed","template":"","meta":{"footnotes":""},"class_list":["post-136","page","type-page","status-publish","hentry"],"_links":{"self":[{"href":"https:\/\/glassur.fr\/index.php?rest_route=\/wp\/v2\/pages\/136","targetHints":{"allow":["GET"]}}],"collection":[{"href":"https:\/\/glassur.fr\/index.php?rest_route=\/wp\/v2\/pages"}],"about":[{"href":"https:\/\/glassur.fr\/index.php?rest_route=\/wp\/v2\/types\/page"}],"author":[{"embeddable":true,"href":"https:\/\/glassur.fr\/index.php?rest_route=\/wp\/v2\/users\/1"}],"replies":[{"embeddable":true,"href":"https:\/\/glassur.fr\/index.php?rest_route=%2Fwp%2Fv2%2Fcomments&post=136"}],"version-history":[{"count":1,"href":"https:\/\/glassur.fr\/index.php?rest_route=\/wp\/v2\/pages\/136\/revisions"}],"predecessor-version":[{"id":137,"href":"https:\/\/glassur.fr\/index.php?rest_route=\/wp\/v2\/pages\/136\/revisions\/137"}],"wp:attachment":[{"href":"https:\/\/glassur.fr\/index.php?rest_route=%2Fwp%2Fv2%2Fmedia&parent=136"}],"curies":[{"name":"wp","href":"https:\/\/api.w.org\/{rel}","templated":true}]}}